{"id":11,"date":"2024-10-07T07:04:47","date_gmt":"2024-10-07T07:04:47","guid":{"rendered":"https:\/\/mojamara.rs\/?page_id=11"},"modified":"2024-10-09T21:08:27","modified_gmt":"2024-10-09T21:08:27","slug":"refund_returns","status":"publish","type":"page","link":"https:\/\/mojamara.rs\/sr\/refund_returns\/","title":{"rendered":"Politika Povrata i Reklamacija"},"content":{"rendered":"<p>We aim to ensure that you are completely satisfied with your purchase. However, if you are not satisfied with the products received, you have the right to return them within 14 days from the date of delivery, in accordance with Serbian law.<br \/>\n<\/br><\/p>\n<h3>Uslovi za Povrat<\/h3>\n<p>Da bi povrat bio prihva\u0107en, moraju biti ispunjeni slede\u0107i uslovi:<\/p>\n<p>\u2013 Proizvod mora biti u originalnom stanju, nekori\u0161\u0107en i u originalnom pakovanju.<br \/>\n\u2013 Svi dodaci, uputstva i dokumentacija moraju biti uklju\u010deni.<br \/>\n\u2013 Proizvodi koji su o\u0161te\u0107eni, izmenjeni ili nisu u originalnom stanju ne\u0107e biti prihva\u0107eni.<br \/>\n<\/br><\/p>\n<h3>Kako Pokrenuti Povrat<\/h3>\n<p>Kako biste pokrenuli proces povrata, pratite slede\u0107e korake:<\/p>\n<p>1. <strong>Kontaktirajte nas:<\/strong>Po\u0161aljite e-mail na\u0161oj korisni\u010dkoj slu\u017ebi na <a href=\"mailto:info@mojamara.rs\">info@mojamara.rs<\/a> sa brojem narud\u017ebine i razlogom za povrat.<br \/>\n2. <strong>Odobrenje povrata:<\/strong>Pregleda\u0107emo va\u0161 zahtev i poslati vam uputstva za povrat proizvoda.<br \/>\n3. <strong>Po\u0161aljite proizvod:<\/strong>Pa\u017eljivo upakujte proizvod i po\u0161aljite ga nazad na svoju odgovornost koriste\u0107i uputstva koja smo vam dali.<br \/>\n<\/br><\/p>\n<h3>Povra\u0107aj novca<\/h3>\n<p>Povra\u0107aj novca \u0107e biti obra\u0111en na slede\u0107i na\u010din:<\/p>\n<p>\u2013 Nakon \u0161to primimo vra\u0107eni proizvod u dobrom stanju, obradi\u0107emo va\u0161 povra\u0107aj novca.<br \/>\n\u2013 Povra\u0107aj \u0107e biti izvr\u0161en na originalni na\u010din pla\u0107anja, umanjen za tro\u0161kove isporuke.<br \/>\n<\/br><\/p>\n<h3>Tro\u0161kovi Povrata<\/h3>\n<p>Kupac je odgovoran za tro\u0161kove povratne po\u0161iljke, osim u slu\u010dajevima kada je proizvod neispravan ili je do\u0161lo do gre\u0161ke s na\u0161e strane u vezi s narud\u017ebinom.<br \/>\n<\/br><\/p>\n<h3>Izuzeci<\/h3>\n<p>Slede\u0107i proizvodi ne mogu biti vra\u0107eni:<\/p>\n<p>\u2013 Prilago\u0111eni ili personalizovani proizvodi.<br \/>\n\u2013 Proizvodi koji nisu u originalnom stanju, poput onih koji su kori\u0161\u0107eni ili o\u0161te\u0107eni.<br \/>\n<\/br><\/p>\n<h3>Kontaktirajte nas:<\/h3>\n<p>Ako imate bilo kakva pitanja u vezi sa na\u0161om politikom povrata, kontaktirajte nas na <a href=\"mailto:info@mojamara.rs\">info@mojamara.rs<\/a>.<\/p>","protected":false},"excerpt":{"rendered":"<p>We aim to ensure that you are completely satisfied with your purchase. However, if you are not satisfied with the products received, you have the right to return them within 14 days from the date of delivery, in accordance with Serbian law. Conditions for Returns The following conditions must be met for a return: &#8211; [&hellip;]<\/p>","protected":false},"author":1,"featured_media":0,"parent":0,"menu_order":0,"comment_status":"closed","ping_status":"closed","template":"","meta":{"footnotes":""},"class_list":["post-11","page","type-page","status-publish","hentry"],"_links":{"self":[{"href":"https:\/\/mojamara.rs\/sr\/wp-json\/wp\/v2\/pages\/11","targetHints":{"allow":["GET"]}}],"collection":[{"href":"https:\/\/mojamara.rs\/sr\/wp-json\/wp\/v2\/pages"}],"about":[{"href":"https:\/\/mojamara.rs\/sr\/wp-json\/wp\/v2\/types\/page"}],"author":[{"embeddable":true,"href":"https:\/\/mojamara.rs\/sr\/wp-json\/wp\/v2\/users\/1"}],"replies":[{"embeddable":true,"href":"https:\/\/mojamara.rs\/sr\/wp-json\/wp\/v2\/comments?post=11"}],"version-history":[{"count":14,"href":"https:\/\/mojamara.rs\/sr\/wp-json\/wp\/v2\/pages\/11\/revisions"}],"predecessor-version":[{"id":314,"href":"https:\/\/mojamara.rs\/sr\/wp-json\/wp\/v2\/pages\/11\/revisions\/314"}],"wp:attachment":[{"href":"https:\/\/mojamara.rs\/sr\/wp-json\/wp\/v2\/media?parent=11"}],"curies":[{"name":"wp","href":"https:\/\/api.w.org\/{rel}","templated":true}]}}