{"id":2,"date":"2024-09-29T12:36:31","date_gmt":"2024-09-29T12:36:31","guid":{"rendered":"https:\/\/mojamara.rs\/?page_id=2"},"modified":"2024-10-07T07:03:42","modified_gmt":"2024-10-07T07:03:42","slug":"about-us","status":"publish","type":"page","link":"https:\/\/mojamara.rs\/sr\/about-us\/","title":{"rendered":"O Nama"},"content":{"rendered":"<p>Brend mojamara dizajnira premium odevne komade od prirodnih materijala, koriste\u0107i ka\u0161mir kao glavno obele\u017eje kolekcije.<br \/><br \/><\/p>\r\n<p>Filozofija brenda duboko je ukorenjena u ideji da stil treba da odoleva prolaznosti vremena. <br \/>Stoga promi\u0161ljeno kreiramo garderobu koja govori o vanvremenskoj estetici i mo\u017ee se nositi kako iz sezone u sezonu tako i iz generacije u generaciju.<\/p>","protected":false},"excerpt":{"rendered":"<p>We design premium garments from natural fabrics, with cashmere as the staple. Philosophy of the brand is rooted in the idea that style should stand the test of time. With classical, understatedly luxurious garments we curate a wardrobe with thought and tell a story of enduring aesthetic, which can be worn not only through seasons [&hellip;]<\/p>","protected":false},"author":1,"featured_media":0,"parent":0,"menu_order":0,"comment_status":"closed","ping_status":"open","template":"","meta":{"footnotes":""},"class_list":["post-2","page","type-page","status-publish","hentry"],"_links":{"self":[{"href":"https:\/\/mojamara.rs\/sr\/wp-json\/wp\/v2\/pages\/2","targetHints":{"allow":["GET"]}}],"collection":[{"href":"https:\/\/mojamara.rs\/sr\/wp-json\/wp\/v2\/pages"}],"about":[{"href":"https:\/\/mojamara.rs\/sr\/wp-json\/wp\/v2\/types\/page"}],"author":[{"embeddable":true,"href":"https:\/\/mojamara.rs\/sr\/wp-json\/wp\/v2\/users\/1"}],"replies":[{"embeddable":true,"href":"https:\/\/mojamara.rs\/sr\/wp-json\/wp\/v2\/comments?post=2"}],"version-history":[{"count":4,"href":"https:\/\/mojamara.rs\/sr\/wp-json\/wp\/v2\/pages\/2\/revisions"}],"predecessor-version":[{"id":274,"href":"https:\/\/mojamara.rs\/sr\/wp-json\/wp\/v2\/pages\/2\/revisions\/274"}],"wp:attachment":[{"href":"https:\/\/mojamara.rs\/sr\/wp-json\/wp\/v2\/media?parent=2"}],"curies":[{"name":"wp","href":"https:\/\/api.w.org\/{rel}","templated":true}]}}