{"id":297,"date":"2024-10-07T07:41:37","date_gmt":"2024-10-07T07:41:37","guid":{"rendered":"https:\/\/mojamara.rs\/?page_id=297"},"modified":"2024-10-07T07:44:16","modified_gmt":"2024-10-07T07:44:16","slug":"how-to-buy","status":"publish","type":"page","link":"https:\/\/mojamara.rs\/sr\/how-to-buy\/","title":{"rendered":"Kako Kupiti"},"content":{"rendered":"<p>Cilj nam je da va\u0161a kupovina bude \u0161to jednostavnija i lak\u0161a. Pratite ove korake kako biste zavr\u0161ili kupovinu na na\u0161em sajtu:<\/p>\n<p><\/br><\/p>\n<h3>Korak 1: Pregled proizvoda<\/h3>\n<p>Istra\u017eite na\u0161 \u0161irok asortiman proizvoda kroz kategorije na sajtu. Kliknite na proizvod koji vas zanima kako biste videli detaljne informacije, uklju\u010duju\u0107i specifikacije, slike i cenu.<\/p>\n<p>&nbsp;<\/p>\n<h3>Korak 2: Dodaj u korpu<\/h3>\n<p>Kada prona\u0111ete proizvod koji \u017eelite da kupite, kliknite na dugme <strong>\"Dodaj u korpu\"<\/strong> Mo\u017eete nastaviti sa kupovinom i dodavati jo\u0161 proizvoda u korpu ako je potrebno.<\/p>\n<p>&nbsp;<\/p>\n<h3>Korak 3: Pregled korpe<\/h3>\n<p>Kliknite na ikonu korpe u vrhu stranice kako biste pregledali proizvode koje ste odabrali. Mo\u017eete prilagoditi koli\u010dine, ukloniti proizvode ili primeniti kodove za popust pre nego \u0161to nastavite sa naplatom.<\/p>\n<p>&nbsp;<\/p>\n<h3>Korak 4: Nastavite na naplatu<\/h3>\n<p>Kada ste spremni da naru\u010dite, kliknite na dugme <strong>\"Nastavi na naplatu\".<\/strong> Bi\u0107ete vo\u0111eni kroz proces naplate gde \u0107ete uneti svoje podatke za dostavu i izabrati na\u010din pla\u0107anja.<\/p>\n<p>&nbsp;<\/p>\n<h3>Korak 5: Unesite informacije o dostavi<\/h3>\n<p>Unesite svoju adresu za dostavu i proverite da li su svi podaci ta\u010dni. Dostavljamo na razli\u010dite lokacije, pa proverite da li isporu\u010dujemo u va\u0161u oblast.<\/p>\n<p>&nbsp;<\/p>\n<h3>Korak 6: Izaberite na\u010din pla\u0107anja<\/h3>\n<p>Izaberite na\u010din pla\u0107anja koji vam najvi\u0161e odgovara. Prihvatamo razli\u010dite opcije pla\u0107anja, uklju\u010duju\u0107i kreditne\/debitne kartice, PayPal i bankovne transfere.<\/p>\n<p>&nbsp;<\/p>\n<h3>Korak 7: Potvrdite narud\u017ebinu<\/h3>\n<p>Pregledajte rezime narud\u017ebine i uverite se da su svi detalji ta\u010dni. Kada budete zadovoljni, kliknite na dugme <strong>\"Zavr\u0161i narud\u017ebinu\"<\/strong> kako biste finalizovali kupovinu. Dobi\u0107ete potvrdu narud\u017ebine putem e-maila sa svim detaljima.<\/p>\n<p>&nbsp;<\/p>\n<h3>Korak 8: Potvrda narud\u017ebine<\/h3>\n<p>Nakon potvrde narud\u017ebine, dobi\u0107ete e-mail sa detaljima o narud\u017ebini i informacijama o pra\u0107enju po\u0161iljke kada bude poslata. Status svoje narud\u017ebine mo\u017eete pratiti putem naloga na na\u0161em sajtu.<\/p>\n<p>&nbsp;<\/p>\n<h3>Potrebna pomo\u0107?<\/h3>\n<p>Ako nai\u0111ete na bilo kakve probleme ili imate pitanja tokom procesa kupovine, obratite se na\u0161em timu za podr\u0161ku na <a href=\"mailto:info@mojamara.rs\">info@mojamara.rs<\/a>.<\/p>","protected":false},"excerpt":{"rendered":"<p>We aim to make your shopping experience as simple and straightforward as possible. Follow these steps to complete your purchase on our website: Step 1: Browse Products Explore our wide range of products through the categories on our website. Click on the product you are interested in to view detailed information, including specifications, images, and [&hellip;]<\/p>","protected":false},"author":1,"featured_media":0,"parent":0,"menu_order":0,"comment_status":"closed","ping_status":"closed","template":"","meta":{"footnotes":""},"class_list":["post-297","page","type-page","status-publish","hentry"],"_links":{"self":[{"href":"https:\/\/mojamara.rs\/sr\/wp-json\/wp\/v2\/pages\/297","targetHints":{"allow":["GET"]}}],"collection":[{"href":"https:\/\/mojamara.rs\/sr\/wp-json\/wp\/v2\/pages"}],"about":[{"href":"https:\/\/mojamara.rs\/sr\/wp-json\/wp\/v2\/types\/page"}],"author":[{"embeddable":true,"href":"https:\/\/mojamara.rs\/sr\/wp-json\/wp\/v2\/users\/1"}],"replies":[{"embeddable":true,"href":"https:\/\/mojamara.rs\/sr\/wp-json\/wp\/v2\/comments?post=297"}],"version-history":[{"count":3,"href":"https:\/\/mojamara.rs\/sr\/wp-json\/wp\/v2\/pages\/297\/revisions"}],"predecessor-version":[{"id":300,"href":"https:\/\/mojamara.rs\/sr\/wp-json\/wp\/v2\/pages\/297\/revisions\/300"}],"wp:attachment":[{"href":"https:\/\/mojamara.rs\/sr\/wp-json\/wp\/v2\/media?parent=297"}],"curies":[{"name":"wp","href":"https:\/\/api.w.org\/{rel}","templated":true}]}}