{"id":3,"date":"2024-09-29T12:36:31","date_gmt":"2024-09-29T12:36:31","guid":{"rendered":"https:\/\/mojamara.rs\/?page_id=3"},"modified":"2024-10-07T07:36:38","modified_gmt":"2024-10-07T07:36:38","slug":"privacy-policy","status":"publish","type":"page","link":"https:\/\/mojamara.rs\/sr\/privacy-policy\/","title":{"rendered":"Politika Privatnosti"},"content":{"rendered":"<h2 class=\"wp-block-heading\">Ko smo mi<\/h2><p>Adresa na\u0161eg sajta je: http:\/\/mojamara.rs.<\/br><\/br><\/p><h2 class=\"wp-block-heading\">Komentari<\/h2><p>Kada posetioci ostave komentare na sajtu, prikupljamo podatke koji su prikazani u formularu za komentare, kao i IP adresu posetioca i string korisni\u010dkog agenta pretra\u017eiva\u010da kako bismo pomogli u otkrivanju spama.<\/p><p>Anonimizovani string kreiran od va\u0161e e-mail adrese (koji se naziva hash) mo\u017ee biti poslat Gravatar servisu kako bi se proverilo da li ga koristite. Politika privatnosti Gravatar servisa je dostupna ovde: https:\/\/automattic.com\/privacy\/. Nakon odobrenja va\u0161eg komentara, va\u0161a profilna slika je vidljiva javno u kontekstu va\u0161eg komentara.<\/br><\/br><\/p><h2 class=\"wp-block-heading\">Mediji<\/h2><p>Ako postavljate slike na sajt, trebalo bi da izbegavate postavljanje slika koje sadr\u017ee ugra\u0111ene podatke o lokaciji (EXIF GPS). Posetioci sajta mogu preuzeti i izvu\u0107i bilo koje podatke o lokaciji iz slika na sajtu.<\/br><\/br><\/p><h2 class=\"wp-block-heading\">Kola\u010di\u0107i<\/h2><p>Ako ostavite komentar na na\u0161em sajtu, mo\u017eete se odlu\u010diti da sa\u010duvate svoje ime, e-mail adresu i sajt u kola\u010di\u0107ima. Ovo je radi va\u0161e pogodnosti kako ne biste morali ponovo unositi svoje podatke kada ostavljate drugi komentar. Ovi kola\u010di\u0107i \u0107e trajati godinu dana.<\/p><p>Ako posetite na\u0161u stranicu za prijavu, postavi\u0107emo privremeni kola\u010di\u0107 kako bismo utvrdili da li va\u0161 pretra\u017eiva\u010d prihvata kola\u010di\u0107e. Ovaj kola\u010di\u0107 ne sadr\u017ei li\u010dne podatke i bi\u0107e izbrisan kada zatvorite pretra\u017eiva\u010d.<\/p><p>Kada se prijavite, postavi\u0107emo nekoliko kola\u010di\u0107a za \u010duvanje informacija o prijavi i opcijama prikaza na ekranu. Kola\u010di\u0107i za prijavu traju dva dana, dok kola\u010di\u0107i za opcije prikaza traju godinu dana. Ako izaberete opciju \"Zapamti me\", va\u0161a prijava \u0107e trajati dve nedelje. Ako se odjavite sa naloga, kola\u010di\u0107i za prijavu \u0107e biti uklonjeni.<\/p><p>Ako izmenite ili objavite \u010dlanak, dodatni kola\u010di\u0107 \u0107e biti sa\u010duvan u va\u0161em pretra\u017eiva\u010du. Ovaj kola\u010di\u0107 ne sadr\u017ei li\u010dne podatke i jednostavno ozna\u010dava ID \u010dlanka koji ste upravo izmenili. Isti\u010de nakon jednog dana.<\/br><\/br><\/p><h2 class=\"wp-block-heading\">Ugra\u0111eni sadr\u017eaj sa drugih sajtova<\/h2><p>\u010clanci na ovom sajtu mogu uklju\u010divati ugra\u0111eni sadr\u017eaj (npr. video zapise, slike, \u010dlanke itd.). Ugra\u0111eni sadr\u017eaj sa drugih sajtova pona\u0161a se na isti na\u010din kao da je posetilac posetio drugi sajt.<\/p><p>Ovi sajtovi mogu prikupljati podatke o vama, koristiti kola\u010di\u0107e, ugra\u0111ivati dodatno pra\u0107enje tre\u0107ih strana i nadzirati va\u0161u interakciju sa tim sadr\u017eajem, uklju\u010duju\u0107i pra\u0107enje va\u0161e interakcije sa ugra\u0111enim sadr\u017eajem ako imate nalog i prijavljeni ste na taj sajt.<\/br><\/br><\/p><h2 class=\"wp-block-heading\">S kim delimo va\u0161e podatke<\/h2><p>Ako zatra\u017eite resetovanje lozinke, va\u0161a IP adresa \u0107e biti uklju\u010dena u e-mail za resetovanje.<\/br><\/br><\/p><h2 class=\"wp-block-heading\">Koliko dugo zadr\u017eavamo va\u0161e podatke<\/h2><p>Ako ostavite komentar, komentar i njegovi metapodaci se \u010duvaju neograni\u010deno. Ovo je kako bismo mogli prepoznati i automatski odobriti sve naredne komentare umesto da ih dr\u017eimo u redu za moderaciju.<\/p><p>Za korisnike koji se registruju na na\u0161em sajtu (ako ih ima), tako\u0111e \u010duvamo li\u010dne informacije koje su dali u svom korisni\u010dkom profilu. Svi korisnici mogu videti, izmeniti ili obrisati svoje li\u010dne informacije u bilo kom trenutku (osim \u0161to ne mogu promeniti svoje korisni\u010dko ime). Administratori sajta tako\u0111e mogu videti i izmeniti te informacije.<\/br><\/br><\/p><h2 class=\"wp-block-heading\">Koja prava imate nad svojim podacima<\/h2><p>Ako imate nalog na ovom sajtu, ili ste ostavili komentare, mo\u017eete zatra\u017eiti da primite izvezenu datoteku sa li\u010dnim podacima koje imamo o vama, uklju\u010duju\u0107i sve podatke koje ste nam dostavili. Tako\u0111e mo\u017eete zatra\u017eiti da obri\u0161emo sve li\u010dne podatke koje imamo o vama. Ovo ne uklju\u010duje podatke koje smo obavezni da zadr\u017eimo iz administrativnih, pravnih ili bezbednosnih razloga.<\/br><\/br><\/p><h2 class=\"wp-block-heading\">Gde se \u0161alju va\u0161i podaci<\/h2><p>Komentari posetilaca mogu biti provereni putem automatske usluge za otkrivanje spama.<\/p><p>&nbsp;<\/p>","protected":false},"excerpt":{"rendered":"<p>Who we are Our website address is: http:\/\/mojamara.rs. Comments When visitors leave comments on the site we collect the data shown in the comments form, and also the visitor\u2019s IP address and browser user agent string to help spam detection. An anonymized string created from your email address (also called a hash) may be provided [&hellip;]<\/p>","protected":false},"author":1,"featured_media":0,"parent":0,"menu_order":0,"comment_status":"closed","ping_status":"closed","template":"","meta":{"footnotes":""},"class_list":["post-3","page","type-page","status-publish","hentry"],"_links":{"self":[{"href":"https:\/\/mojamara.rs\/sr\/wp-json\/wp\/v2\/pages\/3","targetHints":{"allow":["GET"]}}],"collection":[{"href":"https:\/\/mojamara.rs\/sr\/wp-json\/wp\/v2\/pages"}],"about":[{"href":"https:\/\/mojamara.rs\/sr\/wp-json\/wp\/v2\/types\/page"}],"author":[{"embeddable":true,"href":"https:\/\/mojamara.rs\/sr\/wp-json\/wp\/v2\/users\/1"}],"replies":[{"embeddable":true,"href":"https:\/\/mojamara.rs\/sr\/wp-json\/wp\/v2\/comments?post=3"}],"version-history":[{"count":10,"href":"https:\/\/mojamara.rs\/sr\/wp-json\/wp\/v2\/pages\/3\/revisions"}],"predecessor-version":[{"id":296,"href":"https:\/\/mojamara.rs\/sr\/wp-json\/wp\/v2\/pages\/3\/revisions\/296"}],"wp:attachment":[{"href":"https:\/\/mojamara.rs\/sr\/wp-json\/wp\/v2\/media?parent=3"}],"curies":[{"name":"wp","href":"https:\/\/api.w.org\/{rel}","templated":true}]}}