{"id":562,"date":"2026-04-19T18:18:00","date_gmt":"2026-04-19T18:18:00","guid":{"rendered":"https:\/\/mojamara.rs\/?post_type=product&#038;p=562"},"modified":"2026-04-19T18:18:00","modified_gmt":"2026-04-19T18:18:00","slug":"bee-shirt-with-shorts-mojamara-print","status":"publish","type":"product","link":"https:\/\/mojamara.rs\/sr\/shop\/spring-summer-2026\/bee-shirt-with-shorts-mojamara-print\/","title":{"rendered":"P\u010dela ko\u0161ulja sa \u0161orcem (mojamara Print)"},"content":{"rendered":"","protected":false},"excerpt":{"rendered":"<h3>Detaljnije<\/h3>\n<ul class=\"mnp\">\n<li>100% Lan<\/li>\n<li>Regularna veli\u010dina<\/li>\n<li>Model je 180cm\/54kg i nosi veli\u010dinu 36<\/li>\n<li>Hemijsko \u010dis\u0107enje<\/li>\n<li class=\"red\">Proizvedeno u Srbiji<\/li>\n<\/ul>","protected":false},"featured_media":567,"template":"","meta":[],"product_brand":[],"product_cat":[60],"product_tag":[],"class_list":{"0":"post-562","1":"product","2":"type-product","3":"status-publish","4":"has-post-thumbnail","6":"product_cat-spring-summer-2026","8":"first","9":"instock","10":"shipping-taxable","11":"purchasable","12":"product-type-variable"},"_links":{"self":[{"href":"https:\/\/mojamara.rs\/sr\/wp-json\/wp\/v2\/product\/562","targetHints":{"allow":["GET"]}}],"collection":[{"href":"https:\/\/mojamara.rs\/sr\/wp-json\/wp\/v2\/product"}],"about":[{"href":"https:\/\/mojamara.rs\/sr\/wp-json\/wp\/v2\/types\/product"}],"wp:featuredmedia":[{"embeddable":true,"href":"https:\/\/mojamara.rs\/sr\/wp-json\/wp\/v2\/media\/567"}],"wp:attachment":[{"href":"https:\/\/mojamara.rs\/sr\/wp-json\/wp\/v2\/media?parent=562"}],"wp:term":[{"taxonomy":"product_brand","embeddable":true,"href":"https:\/\/mojamara.rs\/sr\/wp-json\/wp\/v2\/product_brand?post=562"},{"taxonomy":"product_cat","embeddable":true,"href":"https:\/\/mojamara.rs\/sr\/wp-json\/wp\/v2\/product_cat?post=562"},{"taxonomy":"product_tag","embeddable":true,"href":"https:\/\/mojamara.rs\/sr\/wp-json\/wp\/v2\/product_tag?post=562"}],"curies":[{"name":"wp","href":"https:\/\/api.w.org\/{rel}","templated":true}]}}